{"id":810,"date":"2019-07-19T20:12:50","date_gmt":"2019-07-19T18:12:50","guid":{"rendered":"http:\/\/oxhydrique.com\/book\/?page_id=810"},"modified":"2024-04-08T11:46:28","modified_gmt":"2024-04-08T09:46:28","slug":"carneros","status":"publish","type":"page","link":"http:\/\/oxhydrique.com\/book\/index.php\/photographies\/carneros\/","title":{"rendered":"Carnets d&rsquo;Eros"},"content":{"rendered":"<h4 style=\"text-align: center;\"><span style=\"color: #ff0000;\"><strong>Attention : m\u00eame si ces contenus ne sont pas pornographiques, ils restent r\u00e9serv\u00e9s \u00e0 des visiteurs majeurs.<\/strong><\/span><\/h4>\n\t<div class=\"ngg-albumoverview default-view\">\n\t\t\t\t\t<div class=\"ngg-album-compact\">\n\t\t\t\t<div class=\"ngg-album-compactbox\">\n\t\t\t\t\t<div class=\"ngg-album-link\">\n\t\t\t\t\t\t\t\t\t\t\t\t\t\t\t\t\t\t\t\t\t<a title='Le bain de Lady A.' href='http:\/\/oxhydrique.com\/book\/index.php\/photographies\/carneros\/nggallery\/adulte\/le-bain-de-lady-a'>\n\t\t\t\t\t\t\t\t\t<img class=\"Thumb\"\n\t\t\t\t\t\t\t\t\t\talt=\"Le bain de Lady A.\"\n\t\t\t\t\t\t\t\t\t\tsrc=\"http:\/\/oxhydrique.com\/book\/wp-content\/gallery\/le-bain\/cache\/Lady_A_Bain_4.jpg-nggid03329-ngg0dyn-600x600x100-00f0w010c011r110f110r010t010.jpg\"\/>\n\t\t\t\t\t\t\t\t<\/a>\n\t\t\t\t\t\t\t\t\t\t\t\t\t\t\t\t\t\t<\/div>\n\t\t\t\t<\/div>\n\t\t\t\t\t\t\t\t<h4>\n\t\t\t\t\t<a class='ngg-album-desc' \n\t\t\t\t\ttitle='Le bain de Lady A.' href='http:\/\/oxhydrique.com\/book\/index.php\/photographies\/carneros\/nggallery\/adulte\/le-bain-de-lady-a'style=\"max-width: 620px\"\t\t\t\t\t>\n\t\t\t\t\t\tLe bain de Lady A.\t\t\t\t\t<\/a>\n\t\t\t\t<\/h4>\n\t\t\t\t<p class=\"ngg-album-gallery-image-counter\">\n\t\t\t\t\t\t\t\t\t\t\t<strong>15<\/strong>&nbsp;Photos\t\t\t\t\t\t\t\t\t<\/p>\n\t\t\t<\/div>\n\t\t\t\t\t<div class=\"ngg-album-compact\">\n\t\t\t\t<div class=\"ngg-album-compactbox\">\n\t\t\t\t\t<div class=\"ngg-album-link\">\n\t\t\t\t\t\t\t\t\t\t\t\t\t\t\t\t\t\t\t\t\t<a title='Aphrodite et Thanateros' href='http:\/\/oxhydrique.com\/book\/index.php\/photographies\/carneros\/nggallery\/adulte\/aphrodite-et-thanateros'>\n\t\t\t\t\t\t\t\t\t<img class=\"Thumb\"\n\t\t\t\t\t\t\t\t\t\talt=\"Aphrodite et Thanateros\"\n\t\t\t\t\t\t\t\t\t\tsrc=\"http:\/\/oxhydrique.com\/book\/wp-content\/gallery\/aphrodite-et-thanateros\/cache\/Coeur.jpg-nggid03364-ngg0dyn-600x600x100-00f0w010c011r110f110r010t010.jpg\"\/>\n\t\t\t\t\t\t\t\t<\/a>\n\t\t\t\t\t\t\t\t\t\t\t\t\t\t\t\t\t\t<\/div>\n\t\t\t\t<\/div>\n\t\t\t\t\t\t\t\t<h4>\n\t\t\t\t\t<a class='ngg-album-desc' \n\t\t\t\t\ttitle='Aphrodite et Thanateros' href='http:\/\/oxhydrique.com\/book\/index.php\/photographies\/carneros\/nggallery\/adulte\/aphrodite-et-thanateros'style=\"max-width: 620px\"\t\t\t\t\t>\n\t\t\t\t\t\tAphrodite et Thanateros\t\t\t\t\t<\/a>\n\t\t\t\t<\/h4>\n\t\t\t\t<p class=\"ngg-album-gallery-image-counter\">\n\t\t\t\t\t\t\t\t\t\t\t<strong>21<\/strong>&nbsp;Photos\t\t\t\t\t\t\t\t\t<\/p>\n\t\t\t<\/div>\n\t\t\t\t\t<div class=\"ngg-album-compact\">\n\t\t\t\t<div class=\"ngg-album-compactbox\">\n\t\t\t\t\t<div class=\"ngg-album-link\">\n\t\t\t\t\t\t\t\t\t\t\t\t\t\t\t\t\t\t\t\t\t<a title='Chiaroscuro II' href='http:\/\/oxhydrique.com\/book\/index.php\/photographies\/carneros\/nggallery\/adulte\/chiaroscuro-ii'>\n\t\t\t\t\t\t\t\t\t<img class=\"Thumb\"\n\t\t\t\t\t\t\t\t\t\talt=\"Chiaroscuro II\"\n\t\t\t\t\t\t\t\t\t\tsrc=\"http:\/\/oxhydrique.com\/book\/wp-content\/gallery\/chiaroscuro-ii\/cache\/Chiaroscuro_I_color.jpg-nggid03369-ngg0dyn-600x600x100-00f0w010c011r110f110r010t010.jpg\"\/>\n\t\t\t\t\t\t\t\t<\/a>\n\t\t\t\t\t\t\t\t\t\t\t\t\t\t\t\t\t\t<\/div>\n\t\t\t\t<\/div>\n\t\t\t\t\t\t\t\t<h4>\n\t\t\t\t\t<a class='ngg-album-desc' \n\t\t\t\t\ttitle='Chiaroscuro II' href='http:\/\/oxhydrique.com\/book\/index.php\/photographies\/carneros\/nggallery\/adulte\/chiaroscuro-ii'style=\"max-width: 620px\"\t\t\t\t\t>\n\t\t\t\t\t\tChiaroscuro II\t\t\t\t\t<\/a>\n\t\t\t\t<\/h4>\n\t\t\t\t<p class=\"ngg-album-gallery-image-counter\">\n\t\t\t\t\t\t\t\t\t\t\t<strong>8<\/strong>&nbsp;Photos\t\t\t\t\t\t\t\t\t<\/p>\n\t\t\t<\/div>\n\t\t\t\t\t<div class=\"ngg-album-compact\">\n\t\t\t\t<div class=\"ngg-album-compactbox\">\n\t\t\t\t\t<div class=\"ngg-album-link\">\n\t\t\t\t\t\t\t\t\t\t\t\t\t\t\t\t\t\t\t\t\t<a title='Frida' href='http:\/\/oxhydrique.com\/book\/index.php\/photographies\/carneros\/nggallery\/adulte\/frida'>\n\t\t\t\t\t\t\t\t\t<img class=\"Thumb\"\n\t\t\t\t\t\t\t\t\t\talt=\"Frida\"\n\t\t\t\t\t\t\t\t\t\tsrc=\"http:\/\/oxhydrique.com\/book\/wp-content\/gallery\/frida\/cache\/IMG_0430b.jpg-nggid03351-ngg0dyn-600x600x100-00f0w010c011r110f110r010t010.jpg\"\/>\n\t\t\t\t\t\t\t\t<\/a>\n\t\t\t\t\t\t\t\t\t\t\t\t\t\t\t\t\t\t<\/div>\n\t\t\t\t<\/div>\n\t\t\t\t\t\t\t\t<h4>\n\t\t\t\t\t<a class='ngg-album-desc' \n\t\t\t\t\ttitle='Frida' href='http:\/\/oxhydrique.com\/book\/index.php\/photographies\/carneros\/nggallery\/adulte\/frida'style=\"max-width: 620px\"\t\t\t\t\t>\n\t\t\t\t\t\tFrida\t\t\t\t\t<\/a>\n\t\t\t\t<\/h4>\n\t\t\t\t<p class=\"ngg-album-gallery-image-counter\">\n\t\t\t\t\t\t\t\t\t\t\t<strong>5<\/strong>&nbsp;Photos\t\t\t\t\t\t\t\t\t<\/p>\n\t\t\t<\/div>\n\t\t\t\t\t<div class=\"ngg-album-compact\">\n\t\t\t\t<div class=\"ngg-album-compactbox\">\n\t\t\t\t\t<div class=\"ngg-album-link\">\n\t\t\t\t\t\t\t\t\t\t\t\t\t\t\t\t\t\t\t\t\t<a title='Halt Zoll!' href='http:\/\/oxhydrique.com\/book\/index.php\/photographies\/carneros\/nggallery\/adulte\/halt-zoll'>\n\t\t\t\t\t\t\t\t\t<img class=\"Thumb\"\n\t\t\t\t\t\t\t\t\t\talt=\"Halt Zoll!\"\n\t\t\t\t\t\t\t\t\t\tsrc=\"http:\/\/oxhydrique.com\/book\/wp-content\/gallery\/mistress\/cache\/IMG_2815.jpg-nggid03358-ngg0dyn-600x600x100-00f0w010c011r110f110r010t010.jpg\"\/>\n\t\t\t\t\t\t\t\t<\/a>\n\t\t\t\t\t\t\t\t\t\t\t\t\t\t\t\t\t\t<\/div>\n\t\t\t\t<\/div>\n\t\t\t\t\t\t\t\t<h4>\n\t\t\t\t\t<a class='ngg-album-desc' \n\t\t\t\t\ttitle='Halt Zoll!' href='http:\/\/oxhydrique.com\/book\/index.php\/photographies\/carneros\/nggallery\/adulte\/halt-zoll'style=\"max-width: 620px\"\t\t\t\t\t>\n\t\t\t\t\t\tHalt Zoll!\t\t\t\t\t<\/a>\n\t\t\t\t<\/h4>\n\t\t\t\t<p class=\"ngg-album-gallery-image-counter\">\n\t\t\t\t\t\t\t\t\t\t\t<strong>9<\/strong>&nbsp;Photos\t\t\t\t\t\t\t\t\t<\/p>\n\t\t\t<\/div>\n\t\t\t\t\t<div class=\"ngg-album-compact\">\n\t\t\t\t<div class=\"ngg-album-compactbox\">\n\t\t\t\t\t<div class=\"ngg-album-link\">\n\t\t\t\t\t\t\t\t\t\t\t\t\t\t\t\t\t\t\t\t\t<a title='Japanese Ghost Story' href='http:\/\/oxhydrique.com\/book\/index.php\/photographies\/carneros\/nggallery\/adulte\/japanese-ghost-story'>\n\t\t\t\t\t\t\t\t\t<img class=\"Thumb\"\n\t\t\t\t\t\t\t\t\t\talt=\"Japanese Ghost Story\"\n\t\t\t\t\t\t\t\t\t\tsrc=\"http:\/\/oxhydrique.com\/book\/wp-content\/gallery\/japanese-ghost-story\/cache\/Japanese-Ghost-Story-III.jpg-nggid03375-ngg0dyn-600x600x100-00f0w010c011r110f110r010t010.jpg\"\/>\n\t\t\t\t\t\t\t\t<\/a>\n\t\t\t\t\t\t\t\t\t\t\t\t\t\t\t\t\t\t<\/div>\n\t\t\t\t<\/div>\n\t\t\t\t\t\t\t\t<h4>\n\t\t\t\t\t<a class='ngg-album-desc' \n\t\t\t\t\ttitle='Japanese Ghost Story' href='http:\/\/oxhydrique.com\/book\/index.php\/photographies\/carneros\/nggallery\/adulte\/japanese-ghost-story'style=\"max-width: 620px\"\t\t\t\t\t>\n\t\t\t\t\t\tJapanese Ghost Story\t\t\t\t\t<\/a>\n\t\t\t\t<\/h4>\n\t\t\t\t<p class=\"ngg-album-gallery-image-counter\">\n\t\t\t\t\t\t\t\t\t\t\t<strong>8<\/strong>&nbsp;Photos\t\t\t\t\t\t\t\t\t<\/p>\n\t\t\t<\/div>\n\t\t\t\t\t<div class=\"ngg-album-compact\">\n\t\t\t\t<div class=\"ngg-album-compactbox\">\n\t\t\t\t\t<div class=\"ngg-album-link\">\n\t\t\t\t\t\t\t\t\t\t\t\t\t\t\t\t\t\t\t\t\t<a title='Urbex' href='http:\/\/oxhydrique.com\/book\/index.php\/photographies\/carneros\/nggallery\/adulte\/urbex'>\n\t\t\t\t\t\t\t\t\t<img class=\"Thumb\"\n\t\t\t\t\t\t\t\t\t\talt=\"Urbex\"\n\t\t\t\t\t\t\t\t\t\tsrc=\"http:\/\/oxhydrique.com\/book\/wp-content\/gallery\/urbex\/cache\/Self-Control-I.jpg-nggid03379-ngg0dyn-600x600x100-00f0w010c011r110f110r010t010.jpg\"\/>\n\t\t\t\t\t\t\t\t<\/a>\n\t\t\t\t\t\t\t\t\t\t\t\t\t\t\t\t\t\t<\/div>\n\t\t\t\t<\/div>\n\t\t\t\t\t\t\t\t<h4>\n\t\t\t\t\t<a class='ngg-album-desc' \n\t\t\t\t\ttitle='Urbex' href='http:\/\/oxhydrique.com\/book\/index.php\/photographies\/carneros\/nggallery\/adulte\/urbex'style=\"max-width: 620px\"\t\t\t\t\t>\n\t\t\t\t\t\tUrbex\t\t\t\t\t<\/a>\n\t\t\t\t<\/h4>\n\t\t\t\t<p class=\"ngg-album-gallery-image-counter\">\n\t\t\t\t\t\t\t\t\t\t\t<strong>12<\/strong>&nbsp;Photos\t\t\t\t\t\t\t\t\t<\/p>\n\t\t\t<\/div>\n\t\t\t\t\t<div class=\"ngg-album-compact\">\n\t\t\t\t<div class=\"ngg-album-compactbox\">\n\t\t\t\t\t<div class=\"ngg-album-link\">\n\t\t\t\t\t\t\t\t\t\t\t\t\t\t\t\t\t\t\t\t\t<a title='Un parfum d&#039;\u00e9t\u00e9' href='http:\/\/oxhydrique.com\/book\/index.php\/photographies\/carneros\/nggallery\/adulte\/un-parfum-dete'>\n\t\t\t\t\t\t\t\t\t<img class=\"Thumb\"\n\t\t\t\t\t\t\t\t\t\talt=\"Un parfum d&#039;\u00e9t\u00e9\"\n\t\t\t\t\t\t\t\t\t\tsrc=\"http:\/\/oxhydrique.com\/book\/wp-content\/gallery\/un-parfum-dete\/cache\/dddw094-ae58eed9-f690-4a2a-afd3-a6767b5e7511.jpg-nggid03380-ngg0dyn-600x600x100-00f0w010c011r110f110r010t010.jpg\"\/>\n\t\t\t\t\t\t\t\t<\/a>\n\t\t\t\t\t\t\t\t\t\t\t\t\t\t\t\t\t\t<\/div>\n\t\t\t\t<\/div>\n\t\t\t\t\t\t\t\t<h4>\n\t\t\t\t\t<a class='ngg-album-desc' \n\t\t\t\t\ttitle='Un parfum d&#039;\u00e9t\u00e9' href='http:\/\/oxhydrique.com\/book\/index.php\/photographies\/carneros\/nggallery\/adulte\/un-parfum-dete'style=\"max-width: 620px\"\t\t\t\t\t>\n\t\t\t\t\t\tUn parfum d'\u00e9t\u00e9\t\t\t\t\t<\/a>\n\t\t\t\t<\/h4>\n\t\t\t\t<p class=\"ngg-album-gallery-image-counter\">\n\t\t\t\t\t\t\t\t\t\t\t<strong>5<\/strong>&nbsp;Photos\t\t\t\t\t\t\t\t\t<\/p>\n\t\t\t<\/div>\n\t\t\t\t\t<div class=\"ngg-album-compact\">\n\t\t\t\t<div class=\"ngg-album-compactbox\">\n\t\t\t\t\t<div class=\"ngg-album-link\">\n\t\t\t\t\t\t\t\t\t\t\t\t\t\t\t\t\t\t\t\t\t<a title='Le ponton' href='http:\/\/oxhydrique.com\/book\/index.php\/photographies\/carneros\/nggallery\/adulte\/le-ponton'>\n\t\t\t\t\t\t\t\t\t<img class=\"Thumb\"\n\t\t\t\t\t\t\t\t\t\talt=\"Le ponton\"\n\t\t\t\t\t\t\t\t\t\tsrc=\"http:\/\/oxhydrique.com\/book\/wp-content\/gallery\/le-ponton\/cache\/Le-Ponton-II.jpg-nggid03385-ngg0dyn-600x600x100-00f0w010c011r110f110r010t010.jpg\"\/>\n\t\t\t\t\t\t\t\t<\/a>\n\t\t\t\t\t\t\t\t\t\t\t\t\t\t\t\t\t\t<\/div>\n\t\t\t\t<\/div>\n\t\t\t\t\t\t\t\t<h4>\n\t\t\t\t\t<a class='ngg-album-desc' \n\t\t\t\t\ttitle='Le ponton' href='http:\/\/oxhydrique.com\/book\/index.php\/photographies\/carneros\/nggallery\/adulte\/le-ponton'style=\"max-width: 620px\"\t\t\t\t\t>\n\t\t\t\t\t\tLe ponton\t\t\t\t\t<\/a>\n\t\t\t\t<\/h4>\n\t\t\t\t<p class=\"ngg-album-gallery-image-counter\">\n\t\t\t\t\t\t\t\t\t\t\t<strong>3<\/strong>&nbsp;Photos\t\t\t\t\t\t\t\t\t<\/p>\n\t\t\t<\/div>\n\t\t\t\t<br class=\"ngg-clear\"\/>\n\t\t<div class='ngg-clear'><\/div>\t<\/div>\n\n","protected":false},"excerpt":{"rendered":"<p>Attention : m\u00eame si ces contenus ne sont pas pornographiques, ils restent r\u00e9serv\u00e9s \u00e0 des visiteurs majeurs.<\/p>\n","protected":false},"author":1,"featured_media":0,"parent":20,"menu_order":1,"comment_status":"closed","ping_status":"closed","template":"","meta":{"site-sidebar-layout":"default","site-content-layout":"","ast-site-content-layout":"","site-content-style":"default","site-sidebar-style":"default","ast-global-header-display":"","ast-banner-title-visibility":"","ast-main-header-display":"","ast-hfb-above-header-display":"","ast-hfb-below-header-display":"","ast-hfb-mobile-header-display":"","site-post-title":"","ast-breadcrumbs-content":"","ast-featured-img":"","footer-sml-layout":"","theme-transparent-header-meta":"","adv-header-id-meta":"","stick-header-meta":"","header-above-stick-meta":"","header-main-stick-meta":"","header-below-stick-meta":"","astra-migrate-meta-layouts":"default","ast-page-background-enabled":"default","ast-page-background-meta":{"desktop":{"background-color":"var(--ast-global-color-4)","background-image":"","background-repeat":"repeat","background-position":"center center","background-size":"auto","background-attachment":"scroll","background-type":"","background-media":"","overlay-type":"","overlay-color":"","overlay-gradient":""},"tablet":{"background-color":"","background-image":"","background-repeat":"repeat","background-position":"center center","background-size":"auto","background-attachment":"scroll","background-type":"","background-media":"","overlay-type":"","overlay-color":"","overlay-gradient":""},"mobile":{"background-color":"","background-image":"","background-repeat":"repeat","background-position":"center center","background-size":"auto","background-attachment":"scroll","background-type":"","background-media":"","overlay-type":"","overlay-color":"","overlay-gradient":""}},"ast-content-background-meta":{"desktop":{"background-color":"var(--ast-global-color-5)","background-image":"","background-repeat":"repeat","background-position":"center center","background-size":"auto","background-attachment":"scroll","background-type":"","background-media":"","overlay-type":"","overlay-color":"","overlay-gradient":""},"tablet":{"background-color":"var(--ast-global-color-5)","background-image":"","background-repeat":"repeat","background-position":"center center","background-size":"auto","background-attachment":"scroll","background-type":"","background-media":"","overlay-type":"","overlay-color":"","overlay-gradient":""},"mobile":{"background-color":"var(--ast-global-color-5)","background-image":"","background-repeat":"repeat","background-position":"center center","background-size":"auto","background-attachment":"scroll","background-type":"","background-media":"","overlay-type":"","overlay-color":"","overlay-gradient":""}},"ngg_post_thumbnail":0,"footnotes":""},"_links":{"self":[{"href":"http:\/\/oxhydrique.com\/book\/index.php\/wp-json\/wp\/v2\/pages\/810"}],"collection":[{"href":"http:\/\/oxhydrique.com\/book\/index.php\/wp-json\/wp\/v2\/pages"}],"about":[{"href":"http:\/\/oxhydrique.com\/book\/index.php\/wp-json\/wp\/v2\/types\/page"}],"author":[{"embeddable":true,"href":"http:\/\/oxhydrique.com\/book\/index.php\/wp-json\/wp\/v2\/users\/1"}],"replies":[{"embeddable":true,"href":"http:\/\/oxhydrique.com\/book\/index.php\/wp-json\/wp\/v2\/comments?post=810"}],"version-history":[{"count":14,"href":"http:\/\/oxhydrique.com\/book\/index.php\/wp-json\/wp\/v2\/pages\/810\/revisions"}],"predecessor-version":[{"id":1178,"href":"http:\/\/oxhydrique.com\/book\/index.php\/wp-json\/wp\/v2\/pages\/810\/revisions\/1178"}],"up":[{"embeddable":true,"href":"http:\/\/oxhydrique.com\/book\/index.php\/wp-json\/wp\/v2\/pages\/20"}],"wp:attachment":[{"href":"http:\/\/oxhydrique.com\/book\/index.php\/wp-json\/wp\/v2\/media?parent=810"}],"curies":[{"name":"wp","href":"https:\/\/api.w.org\/{rel}","templated":true}]}}